{"id":10,"date":"2016-10-18T16:52:27","date_gmt":"2016-10-18T14:52:27","guid":{"rendered":"http:\/\/graensehandel-zurkrone.de\/de\/anfahrt\/"},"modified":"2016-10-19T15:27:35","modified_gmt":"2016-10-19T13:27:35","slug":"anfahrt","status":"publish","type":"page","link":"https:\/\/graensehandel-zurkrone.de\/de\/anfahrt\/","title":{"rendered":"Anfahrt"},"content":{"rendered":"<h2><strong>Anfahrt<\/strong><br \/>\nAlle Wege f\u00fchren \u00bbZur Krone\u00ab<\/h2>\n<p>Um Ihnen die Anfahrt zu erleichtern, haben wir f\u00fcr Sie hier eine Karte bereitgestellt. Somit k\u00f6nnen Sie ganz einfach sehen, wo Sie hinfahren m\u00fcssen, um \u00bbZur Krone\u00ab zu kommen.<br \/>\nParkm\u00f6glichkeiten finden Sie auf der R\u00fcckseite des Einkaufsmarktes \u2013 nat\u00fcrlich kostenlos.<\/p>\n<div class=\"su-gmap su-u-responsive-media-yes\"><iframe width=\"600\" height=\"400\" src=\"\/\/maps.google.com\/maps?q=Grenzmarkt%20Zur%20Krone%20Wolfgang%20Neumann%20GmbH%2C%20Ochsenweg%2085%2C%2024955%20Harrislee%2C%20DE&amp;output=embed\" title=\"\"><\/iframe><\/div>\n","protected":false},"excerpt":{"rendered":"<p>Anfahrt Alle Wege f\u00fchren \u00bbZur Krone\u00ab Um Ihnen die Anfahrt zu erleichtern, haben wir f\u00fcr Sie hier eine Karte bereitgestellt. Somit k\u00f6nnen Sie ganz einfach sehen, wo Sie hinfahren m\u00fcssen, um \u00bbZur Krone\u00ab zu kommen. Parkm\u00f6glichkeiten finden Sie auf der R\u00fcckseite des Einkaufsmarktes \u2013 nat\u00fcrlich kostenlos.<\/p>\n","protected":false},"author":1,"featured_media":0,"parent":0,"menu_order":5,"comment_status":"closed","ping_status":"closed","template":"template-fullwidth.php","meta":[],"_links":{"self":[{"href":"https:\/\/graensehandel-zurkrone.de\/de\/wp-json\/wp\/v2\/pages\/10"}],"collection":[{"href":"https:\/\/graensehandel-zurkrone.de\/de\/wp-json\/wp\/v2\/pages"}],"about":[{"href":"https:\/\/graensehandel-zurkrone.de\/de\/wp-json\/wp\/v2\/types\/page"}],"author":[{"embeddable":true,"href":"https:\/\/graensehandel-zurkrone.de\/de\/wp-json\/wp\/v2\/users\/1"}],"replies":[{"embeddable":true,"href":"https:\/\/graensehandel-zurkrone.de\/de\/wp-json\/wp\/v2\/comments?post=10"}],"version-history":[{"count":3,"href":"https:\/\/graensehandel-zurkrone.de\/de\/wp-json\/wp\/v2\/pages\/10\/revisions"}],"predecessor-version":[{"id":124,"href":"https:\/\/graensehandel-zurkrone.de\/de\/wp-json\/wp\/v2\/pages\/10\/revisions\/124"}],"wp:attachment":[{"href":"https:\/\/graensehandel-zurkrone.de\/de\/wp-json\/wp\/v2\/media?parent=10"}],"curies":[{"name":"wp","href":"https:\/\/api.w.org\/{rel}","templated":true}]}}