{"id":15,"date":"2016-10-18T16:52:27","date_gmt":"2016-10-18T14:52:27","guid":{"rendered":"http:\/\/graensehandel-zurkrone.de\/de\/impressum\/"},"modified":"2022-11-29T15:51:22","modified_gmt":"2022-11-29T14:51:22","slug":"impressum","status":"publish","type":"page","link":"https:\/\/graensehandel-zurkrone.de\/de\/impressum\/","title":{"rendered":"Impressum"},"content":{"rendered":"<h2><strong>Impressum<\/strong><br \/>\nAlles wichtige gesammelt<\/h2>\n<p><strong>Grenzmarkt Zur Krone<\/strong><br \/>\nWolfgang Neumann GmbH<br \/>\nOchsenweg 85<br \/>\n24955 Harrislee<\/p>\n<p>Gesch\u00e4ftsf\u00fchrer:<br \/>\nWolfgang Neumann &#8211; einzelvertretungsberechtigt<br \/>\nJ\u00f6rg Neumann &#8211; einzelvertretungsberechtigt<\/p>\n<p>Telefon: +49 (0)461\/73084<br \/>\nFax +49 (0)461-73086<br \/>\nInfo\/E-Mail: <a href=\"mailto:info@graensehandel-zurkrone.de\">info@graensehandel-zurkrone.de<\/a><\/p>\n<p>Ust-IDNr.: DE134645851<br \/>\nSteuernummer: 15 290 20 383<br \/>\nHandelregisternr.: HR Flensburg A 1486<br \/>\nZust\u00e4ndiges Registergericht:<br \/>\nAmtsgericht Flensburg<\/p>\n<p>VR Bank Nord eG<br \/>\nIBAN: DE80 2176 3542 0000 1020 08<br \/>\nBIC: GENODEF1BDS<\/p>\n<div class=\"su-divider su-divider-style-default\" style=\"margin:25px 0;border-width:1px;border-color:#f59c00\"><\/div>\n<p>Webdesign &amp; Konzept:<\/p>\n<p><img loading=\"lazy\" class=\"alignnone wp-image-2066\" src=\"https:\/\/graensehandel-zurkrone.de\/de\/wp-content\/uploads\/sites\/2\/2022\/08\/fk_impressum.png\" alt=\"\" width=\"170\" height=\"37\" \/><\/p>\n<p>FRESHKONZEPT GmbH<br \/>\nM\u00fchlendamm 21<br \/>\n24937 Flensburg<\/p>\n<p>Telefon: 0461 840 523 5<br \/>\nFax: 0461 840 523 6<br \/>\nEmail: <a href=\"mailto:info@freshkonzept.de\">info@freshkonzept.de<\/a><br \/>\nWeb: <a href=\"http:\/\/www.freshkonzept.de\">www.freshkonzept.de<\/a><\/p>\n<div class=\"su-divider su-divider-style-default\" style=\"margin:25px 0;border-width:1px;border-color:#f59c00\"><\/div>\n<p>F\u00fcr alle auf unserer Homepage verlinkten Angebote gilt Folgendes:<\/p>\n<p>Wir betonen ausdr\u00fccklich, dass wir keinerlei Einfluss auf die Gestaltung und die Inhalte der gelinkten Seiten (Fremdangebote) haben. Wir distanzieren uns hiermit von allen Inhalten aller gelinkten Seiten auf unserer Homepage und machen uns ihre Inhalte nicht zu eigen. Diese Erkl\u00e4rung gilt f\u00fcr alle auf unserer Homepage aufgef\u00fchrten Links.<\/p>\n<p>Alle Grafiken und Texte sind urheberrechtlich gesch\u00fctzt. Eine Verwendung der Inhalte ist nur nach schriftlicher Genehmigung m\u00f6glich. Verantwortlicher im Sinne des Presserechts: Herr Axel Petersen.<\/p>\n<p>Bildrechte<br \/>\n\u00a9 Grenzmarkt zur Krone<br \/>\n\u00a9 Maike Liepolt &#8211; freshkonzept.de<br \/>\n\u00a9 rohappy &#8211; fotolia.de<\/p>\n","protected":false},"excerpt":{"rendered":"<p>Impressum Alles wichtige gesammelt Grenzmarkt Zur Krone Wolfgang Neumann GmbH Ochsenweg 85 24955 Harrislee Gesch\u00e4ftsf\u00fchrer: Wolfgang Neumann &#8211; einzelvertretungsberechtigt J\u00f6rg Neumann &#8211; einzelvertretungsberechtigt Telefon: +49 (0)461\/73084 Fax +49 (0)461-73086 Info\/E-Mail: info@graensehandel-zurkrone.de Ust-IDNr.: DE134645851 Steuernummer: 15 290 20 383 Handelregisternr.: HR Flensburg A 1486 Zust\u00e4ndiges Registergericht: Amtsgericht Flensburg VR Bank Nord&#8230;<\/p>\n","protected":false},"author":1,"featured_media":0,"parent":0,"menu_order":14,"comment_status":"closed","ping_status":"closed","template":"template-fullwidth.php","meta":[],"_links":{"self":[{"href":"https:\/\/graensehandel-zurkrone.de\/de\/wp-json\/wp\/v2\/pages\/15"}],"collection":[{"href":"https:\/\/graensehandel-zurkrone.de\/de\/wp-json\/wp\/v2\/pages"}],"about":[{"href":"https:\/\/graensehandel-zurkrone.de\/de\/wp-json\/wp\/v2\/types\/page"}],"author":[{"embeddable":true,"href":"https:\/\/graensehandel-zurkrone.de\/de\/wp-json\/wp\/v2\/users\/1"}],"replies":[{"embeddable":true,"href":"https:\/\/graensehandel-zurkrone.de\/de\/wp-json\/wp\/v2\/comments?post=15"}],"version-history":[{"count":13,"href":"https:\/\/graensehandel-zurkrone.de\/de\/wp-json\/wp\/v2\/pages\/15\/revisions"}],"predecessor-version":[{"id":2158,"href":"https:\/\/graensehandel-zurkrone.de\/de\/wp-json\/wp\/v2\/pages\/15\/revisions\/2158"}],"wp:attachment":[{"href":"https:\/\/graensehandel-zurkrone.de\/de\/wp-json\/wp\/v2\/media?parent=15"}],"curies":[{"name":"wp","href":"https:\/\/api.w.org\/{rel}","templated":true}]}}