{"id":1923,"date":"2022-05-16T13:14:11","date_gmt":"2022-05-16T11:14:11","guid":{"rendered":"https:\/\/graensehandel-zurkrone.de\/de\/?page_id=1923"},"modified":"2022-05-16T16:26:52","modified_gmt":"2022-05-16T14:26:52","slug":"kassiererin-gesucht-m-w-d","status":"publish","type":"page","link":"https:\/\/graensehandel-zurkrone.de\/de\/kassiererin-gesucht-m-w-d\/","title":{"rendered":"Kassierer*in gesucht (m\/w\/d)"},"content":{"rendered":"<div class=\"bewerbungseiteholder\">\n<div class=\"headerbildbewerb\"><a href=\"#formular\"><img loading=\"lazy\" class=\"alignleft wp-image-1924 size-full\" src=\"https:\/\/graensehandel-zurkrone.de\/de\/wp-content\/uploads\/sites\/2\/2022\/05\/headerbild_kassierer.jpg\" alt=\"\" width=\"1920\" height=\"700\" srcset=\"https:\/\/graensehandel-zurkrone.de\/de\/wp-content\/uploads\/sites\/2\/2022\/05\/headerbild_kassierer.jpg 1920w, https:\/\/graensehandel-zurkrone.de\/de\/wp-content\/uploads\/sites\/2\/2022\/05\/headerbild_kassierer-300x109.jpg 300w, https:\/\/graensehandel-zurkrone.de\/de\/wp-content\/uploads\/sites\/2\/2022\/05\/headerbild_kassierer-768x280.jpg 768w, https:\/\/graensehandel-zurkrone.de\/de\/wp-content\/uploads\/sites\/2\/2022\/05\/headerbild_kassierer-1024x373.jpg 1024w, https:\/\/graensehandel-zurkrone.de\/de\/wp-content\/uploads\/sites\/2\/2022\/05\/headerbild_kassierer-600x220.jpg 600w\" sizes=\"(max-width: 1920px) 100vw, 1920px\" \/><\/a><\/div>\n<h2 class=\"marginueber\" style=\"text-align: center;\"><strong>KASSIERER*IN GESUCHT (m\/w\/d)<\/strong><\/h2>\n<h2 class=\"schriftorange\" style=\"text-align: center;\">in Vollzeit, Teilzeit oder als Minijob<\/h2>\n<p class=\"textt\" style=\"text-align: center;\"><strong>Du besitzt D\u00e4nisch-Kenntnisse, kannst offen auf Menschen zugehen und packst auch gern mit an?<\/strong> Dann freuen wir uns auf deine Energie und deine helfenden H\u00e4nde in unserem Grenzmarkt. Neben der Kundenbetreuung an der Kasse, stehst du unseren Kunden auch im Markt mit Rat &amp; Tat zur Seite &#8211; du wei\u00dft, wo was zu finden ist und sorgst f\u00fcr stets gef\u00fcllte Regale. Dabei beh\u00e4ltst du auch die Qualit\u00e4t &amp; Frische unserer Produkte im Auge. Wir freuen uns auf deine Bewerbung!<\/p>\n<p style=\"text-align: center;\"><a href=\"#bformular\">Easy zum Job &gt;<\/a><\/p>\n<div class=\"su-divider su-divider-style-default\" style=\"margin:25px 0;border-width:1px;border-color:#f59c00\"><\/div>\n<div class=\"su-row\">\n<div class=\"su-column su-column-size-1-2\"><div class=\"su-column-inner su-u-clearfix su-u-trim\">\n<h2><strong>DEINE BENEFITS:<\/strong><\/h2>\n<ul class=\"listenhaekchen\">\n<li>Abwechslungsreiche Aufgaben<\/li>\n<li>Direkter Kundenkontakt<\/li>\n<li>Motiviertes Team<\/li>\n<li>Kreative Mitwirkung gew\u00fcnscht<\/li>\n<\/ul>\n<\/div><\/div>\n<div class=\"su-column su-column-size-1-2\"><div class=\"su-column-inner su-u-clearfix su-u-trim\">\n<h2><strong>DEINE ST\u00c4RKEN:<\/strong><\/h2>\n<ul class=\"listenhaekchen\">\n<li>Erfahrung im Einzelhandel<\/li>\n<li>Spa\u00df im Umgang mit Menschen<\/li>\n<li>Freude an Teamarbeit<\/li>\n<li>Packst gern mit an<\/li>\n<\/ul>\n<\/div><\/div>\n<\/div>\n<div class=\"su-divider su-divider-style-default\" style=\"margin:25px 0;border-width:1px;border-color:#f59c00\"><\/div>\n<h3 style=\"text-align: center;\"><strong>&#8230; und so easy geht&#8217;s:<\/strong><\/h3>\n<div class=\"su-row\">\n<div class=\"su-column su-column-size-1-3\"><div class=\"su-column-inner su-u-clearfix su-u-trim\">\n<p><img loading=\"lazy\" class=\"wp-image-1910 size-thumbnail aligncenter\" src=\"https:\/\/graensehandel-zurkrone.de\/de\/wp-content\/uploads\/sites\/2\/2022\/05\/icon_formular_ausfuellen-150x150.png\" alt=\"\" width=\"150\" height=\"150\" srcset=\"https:\/\/graensehandel-zurkrone.de\/de\/wp-content\/uploads\/sites\/2\/2022\/05\/icon_formular_ausfuellen-150x150.png 150w, https:\/\/graensehandel-zurkrone.de\/de\/wp-content\/uploads\/sites\/2\/2022\/05\/icon_formular_ausfuellen.png 300w\" sizes=\"(max-width: 150px) 100vw, 150px\" \/><\/p>\n<\/div><\/div>\n<div class=\"su-column su-column-size-1-3\"><div class=\"su-column-inner su-u-clearfix su-u-trim\">\n<p><img loading=\"lazy\" class=\"wp-image-1911 size-thumbnail aligncenter\" src=\"https:\/\/graensehandel-zurkrone.de\/de\/wp-content\/uploads\/sites\/2\/2022\/05\/icon_anruf_erhalten-150x150.png\" alt=\"\" width=\"150\" height=\"150\" srcset=\"https:\/\/graensehandel-zurkrone.de\/de\/wp-content\/uploads\/sites\/2\/2022\/05\/icon_anruf_erhalten-150x150.png 150w, https:\/\/graensehandel-zurkrone.de\/de\/wp-content\/uploads\/sites\/2\/2022\/05\/icon_anruf_erhalten.png 300w\" sizes=\"(max-width: 150px) 100vw, 150px\" \/><\/p>\n<\/div><\/div>\n<div class=\"su-column su-column-size-1-3\"><div class=\"su-column-inner su-u-clearfix su-u-trim\">\n<p><img loading=\"lazy\" class=\"wp-image-1912 size-thumbnail aligncenter\" src=\"https:\/\/graensehandel-zurkrone.de\/de\/wp-content\/uploads\/sites\/2\/2022\/05\/icon_schnelle_entscheidung-150x150.png\" alt=\"\" width=\"150\" height=\"150\" srcset=\"https:\/\/graensehandel-zurkrone.de\/de\/wp-content\/uploads\/sites\/2\/2022\/05\/icon_schnelle_entscheidung-150x150.png 150w, https:\/\/graensehandel-zurkrone.de\/de\/wp-content\/uploads\/sites\/2\/2022\/05\/icon_schnelle_entscheidung.png 300w\" sizes=\"(max-width: 150px) 100vw, 150px\" \/><\/p>\n<\/div><\/div>\n<\/div>\n<div role=\"form\" class=\"wpcf7\" id=\"wpcf7-f1931-o1\" lang=\"de-DE\" dir=\"ltr\">\n<div class=\"screen-reader-response\"><p role=\"status\" aria-live=\"polite\" aria-atomic=\"true\"><\/p> <ul><\/ul><\/div>\n<form action=\"\/de\/wp-json\/wp\/v2\/pages\/1923#wpcf7-f1931-o1\" method=\"post\" class=\"wpcf7-form init\" novalidate=\"novalidate\" data-status=\"init\">\n<div style=\"display: none;\">\n<input type=\"hidden\" name=\"_wpcf7\" value=\"1931\" \/>\n<input type=\"hidden\" name=\"_wpcf7_version\" value=\"5.5.6.1\" \/>\n<input type=\"hidden\" name=\"_wpcf7_locale\" value=\"de_DE\" \/>\n<input type=\"hidden\" name=\"_wpcf7_unit_tag\" value=\"wpcf7-f1931-o1\" \/>\n<input type=\"hidden\" name=\"_wpcf7_container_post\" value=\"0\" \/>\n<input type=\"hidden\" name=\"_wpcf7_posted_data_hash\" value=\"\" \/>\n<\/div>\n<div class=\"bewerbung\" id=\"bformular\">\n<label class=\"name\"> Name, Vorname<br \/>\n    <span class=\"wpcf7-form-control-wrap your-name\"><input type=\"text\" name=\"your-name\" value=\"\" size=\"40\" class=\"wpcf7-form-control wpcf7-text wpcf7-validates-as-required\" aria-required=\"true\" aria-invalid=\"false\" \/><\/span> <\/label><br \/>\n<label class=\"bday\"> Geburtsdatum<br \/>\n    <span class=\"wpcf7-form-control-wrap date-93\"><input type=\"date\" name=\"date-93\" value=\"\" class=\"wpcf7-form-control wpcf7-date wpcf7-validates-as-date date\" aria-invalid=\"false\" \/><\/span> <\/label><br \/>\n<label> Telefon-\/Mobilnummer<br \/>\n    <span class=\"wpcf7-form-control-wrap your-tel\"><input type=\"tel\" name=\"your-tel\" value=\"\" size=\"40\" class=\"wpcf7-form-control wpcf7-text wpcf7-tel wpcf7-validates-as-required wpcf7-validates-as-tel\" aria-required=\"true\" aria-invalid=\"false\" \/><\/span> <\/label><br \/>\n<label> E-Mail Adresse<br \/>\n    <span class=\"wpcf7-form-control-wrap your-email\"><input type=\"email\" name=\"your-email\" value=\"\" size=\"40\" class=\"wpcf7-form-control wpcf7-text wpcf7-email wpcf7-validates-as-required wpcf7-validates-as-email\" aria-required=\"true\" aria-invalid=\"false\" \/><\/span> <\/label><\/p>\n<div style=\"height:30px\" aria-hidden=\"true\" class=\"wp-block-spacer\"><\/div>\n<div class=\"checkboxen\">\n<p><strong>Wie gut sind deine D\u00e4nisch-Kenntnisse?<\/strong><\/p>\n<p class=\"checkbox\"><span class=\"wpcf7-form-control-wrap checkbox-242\"><span class=\"wpcf7-form-control wpcf7-checkbox wpcf7-exclusive-checkbox\"><span class=\"wpcf7-list-item first\"><input type=\"checkbox\" name=\"checkbox-242\" value=\"Muttersprache\" \/><span class=\"wpcf7-list-item-label\">Muttersprache<\/span><\/span><span class=\"wpcf7-list-item\"><input type=\"checkbox\" name=\"checkbox-242\" value=\"Gut bis sehr gut\" \/><span class=\"wpcf7-list-item-label\">Gut bis sehr gut<\/span><\/span><span class=\"wpcf7-list-item\"><input type=\"checkbox\" name=\"checkbox-242\" value=\"Etwas eingerostet, aber geht\" \/><span class=\"wpcf7-list-item-label\">Etwas eingerostet, aber geht<\/span><\/span><span class=\"wpcf7-list-item last\"><input type=\"checkbox\" name=\"checkbox-242\" value=\"Ich kann kein D\u00e4nisch\" \/><span class=\"wpcf7-list-item-label\">Ich kann kein D\u00e4nisch<\/span><\/span><\/span><\/span><\/p>\n<\/div>\n<div class=\"checkboxen\">\n<p><strong>Auf was m\u00f6chtest du dich bewerben?<\/strong><\/p>\n<p class=\"checkbox\"><span class=\"wpcf7-form-control-wrap checkbox-243\"><span class=\"wpcf7-form-control wpcf7-checkbox wpcf7-exclusive-checkbox\"><span class=\"wpcf7-list-item first\"><input type=\"checkbox\" name=\"checkbox-243\" value=\"Vollzeit\" \/><span class=\"wpcf7-list-item-label\">Vollzeit<\/span><\/span><span class=\"wpcf7-list-item\"><input type=\"checkbox\" name=\"checkbox-243\" value=\"Teilzeit\" \/><span class=\"wpcf7-list-item-label\">Teilzeit<\/span><\/span><span class=\"wpcf7-list-item last\"><input type=\"checkbox\" name=\"checkbox-243\" value=\"Minijob\" \/><span class=\"wpcf7-list-item-label\">Minijob<\/span><\/span><\/span><\/span><\/p>\n<\/div>\n<p><span id=\"wpcf7-69e7345e79f21-wrapper\" class=\"wpcf7-form-control-wrap absendebestaetigung-wrap\" style=\"display:none !important; visibility:hidden !important;\"><label for=\"wpcf7-69e7345e79f21-field\" class=\"hp-message\">Bitte lasse dieses Feld leer.<\/label><input id=\"wpcf7-69e7345e79f21-field\"  class=\"wpcf7-form-control wpcf7-text\" type=\"text\" name=\"absendebestaetigung\" value=\"\" size=\"40\" tabindex=\"-1\" autocomplete=\"new-password\" \/><\/span><\/p>\n<div class=\"sendbutton\"><input type=\"submit\" value=\"Ab die Post &gt;\" class=\"wpcf7-form-control has-spinner wpcf7-submit\" \/><\/div>\n<\/div>\n<div class=\"wpcf7-response-output\" aria-hidden=\"true\"><\/div><\/form><\/div><\/div>\n","protected":false},"excerpt":{"rendered":"<p>KASSIERER*IN GESUCHT (m\/w\/d) in Vollzeit, Teilzeit oder als Minijob Du besitzt D\u00e4nisch-Kenntnisse, kannst offen auf Menschen zugehen und packst auch gern mit an? Dann freuen wir uns auf deine Energie und deine helfenden H\u00e4nde in unserem Grenzmarkt. Neben der Kundenbetreuung an der Kasse, stehst du unseren Kunden auch im Markt&#8230;<\/p>\n","protected":false},"author":1,"featured_media":0,"parent":0,"menu_order":0,"comment_status":"closed","ping_status":"closed","template":"template-fullwidth.php","meta":[],"_links":{"self":[{"href":"https:\/\/graensehandel-zurkrone.de\/de\/wp-json\/wp\/v2\/pages\/1923"}],"collection":[{"href":"https:\/\/graensehandel-zurkrone.de\/de\/wp-json\/wp\/v2\/pages"}],"about":[{"href":"https:\/\/graensehandel-zurkrone.de\/de\/wp-json\/wp\/v2\/types\/page"}],"author":[{"embeddable":true,"href":"https:\/\/graensehandel-zurkrone.de\/de\/wp-json\/wp\/v2\/users\/1"}],"replies":[{"embeddable":true,"href":"https:\/\/graensehandel-zurkrone.de\/de\/wp-json\/wp\/v2\/comments?post=1923"}],"version-history":[{"count":13,"href":"https:\/\/graensehandel-zurkrone.de\/de\/wp-json\/wp\/v2\/pages\/1923\/revisions"}],"predecessor-version":[{"id":1954,"href":"https:\/\/graensehandel-zurkrone.de\/de\/wp-json\/wp\/v2\/pages\/1923\/revisions\/1954"}],"wp:attachment":[{"href":"https:\/\/graensehandel-zurkrone.de\/de\/wp-json\/wp\/v2\/media?parent=1923"}],"curies":[{"name":"wp","href":"https:\/\/api.w.org\/{rel}","templated":true}]}}