{"id":2268,"date":"2023-05-04T12:39:06","date_gmt":"2023-05-04T10:39:06","guid":{"rendered":"https:\/\/graensehandel-zurkrone.de\/de\/?page_id=2268"},"modified":"2023-06-01T10:15:47","modified_gmt":"2023-06-01T08:15:47","slug":"teilnahmebedingungen","status":"publish","type":"page","link":"https:\/\/graensehandel-zurkrone.de\/de\/teilnahmebedingungen\/","title":{"rendered":"Teilnahmebedingungen"},"content":{"rendered":"<h1>Allgemeine Teilnahmebedingungen<\/h1>\n<h2><\/h2>\n<h2>1. Allgemeines, Teilnahmevoraussetzungen<\/h2>\n<p>1.1 Dieses Gewinnspiel wird von<br \/>\nGrenzmarkt Zur Krone<br \/>\nWolfgang Neumann GmbH<br \/>\nOchsenweg 85<br \/>\n24955 Harrislee<\/p>\n<p>(\u201eUnternehmer\u201c) unter <a href=\"https:\/\/www.facebook.com\/profile.php?id=100063722883299\">https:\/\/www.facebook.com\/profile.php?id=100063722883299<\/a> durchgef\u00fchrt.<\/p>\n<p>1.2 Die Teilnahme an dem Gewinnspiel ist kostenlos und unabh\u00e4ngig von dem Erwerb von Waren oder Dienstleistungen. Dieses Gewinnspiel ist in keiner Weise von oder in Zusammenarbeit mit Instagram oder Facebook gesponsert, empfohlen oder verwaltet.<\/p>\n<p>1.3 Teilnahmeberechtigt sind alle Personen, die das 18. Lebensjahr vollendet und die ihren st\u00e4ndigen Wohnsitz in Deutschland haben. Von der Teilnahme ausgeschlossen sind Mitarbeiter vom Grenzmarkt Zur Krone und deren Angeh\u00f6rige.<\/p>\n<p>1.4 Die Teilnahme erfolgt, indem Teilnehmer unter dem Facebook-Post, der auf das Gewinnspiel hinweist, einen Kommentar hinterlassen, mit dem sie erkl\u00e4ren, am Gewinnspiel teilnehmen zu wollen, oder indem Teilnehmer vom Gewinnspiel dem Grenzmarkt Zur Krone eine Private Nachricht schicken, mit der sie erkl\u00e4ren, am Gewinnspiel teilnehmen zu wollen.<\/p>\n<p>1.5 Jeder Teilnehmer darf nur einmal an dem Gewinnspiel teilnehmen. Eine mehrfache Teilnahme f\u00fchrt zum Ausschluss.<\/p>\n<p>1.6 Der Grenzmarkt Zur Krone kann jederzeit einzelne Personen von der Teilnahme ausschlie\u00dfen, wenn berechtigte Gr\u00fcnde, wie zum Beispiel ein Versto\u00df gegen die Teilnahmebedingungen, die Benutzung von Pseudonymen, eine doppelte Teilnahme, die unrechtm\u00e4\u00dfige Beeinflussung des Gewinnspiels durch manuelle oder technische Manipulation, Mitgliedschaft in einem Gewinnspielzusammenschluss vorliegen. In solchen F\u00e4llen k\u00f6nnen Gewinne auch nachtr\u00e4glich aberkannt und zur\u00fcckgefordert werden<\/p>\n<h2>2. Gewinne, Gewinnermittlung und Benachrichtigung<\/h2>\n<p>2.1 Die zu gewinnenden Preise ergeben sich aus der jeweiligen Ank\u00fcndigung des Gewinnspiels durch den Grenzmarkt Zur Krone.<\/p>\n<p>2.2 Bei der Wahl der Gewinner entscheidet das Los unter Gew\u00e4hrleistung des Zufallsprinzips.<\/p>\n<p>2.3 Die Gewinner werden \u00fcber Instagram oder Facebook entweder per Nachricht oder mit einem verlinkten Kommentar unter dem Post benachrichtigt.<\/p>\n<p>2.4 Die Gewinnerin oder der Gewinner ist verpflichtet, sich innerhalb von einer Kalenderwoche nach Ver\u00f6ffentlichung der Benachrichtigung zu melden oder den Gewinn im Grenzmarkt abzuholen. Ein Versand des Gewinns erfolgt nicht. Bei Nichtabholung verf\u00e4llt der Anspruch auf den Gewinn.<\/p>\n<p>2.5 Eine Barauszahlung oder Tausch des Gewinns ist ausgeschlossen. Der Gewinn ist nicht \u00fcbertragbar. Sofern der Hersteller an einem als Gewinn ausgelobten Produkte \u00c4nderungen vornimmt, richtet sich der Gewinnanspruch auf den Gewinn in der zum Zeitpunkt der Aush\u00e4ndigung aktuellen, vom Hersteller verf\u00fcgbar gemachten Ausstattung.<\/p>\n<h2>3. Datenschutz<\/h2>\n<p>F\u00fcr die Verarbeitung der im Rahmen dieses Gewinnspiels erhobenen personenbezogenen Daten ist Grenzmarkt Zur Krone<br \/>\nWolfgang Neumann GmbH<br \/>\nOchsenweg 85<br \/>\n24955 Harrislee<\/p>\n<p>(\u201eUnternehmer\u201c) verantwortlich. Personenbezogene Daten werden ausschlie\u00dflich zur Durchf\u00fchrung dieses Gewinnspiels verwendet und sp\u00e4testens 14 Tage nach Versendung des Gewinns gel\u00f6scht. Weitere Informationen zum Datenschutz und zu den Rechten des Betroffenen unter:<br \/>\n<a href=\"https:\/\/graensehandel-zurkrone.de\/de\/datenschutz\/\">https:\/\/graensehandel-zurkrone.de\/de\/datenschutz\/<\/a><\/p>\n<h2>4. Vorzeitige Beendigung des Gewinnspiels<\/h2>\n<p>Der Grenzmarkt Zur Krone beh\u00e4lt sich vor, das Gewinnspiel jederzeit vorzeitig zu beenden, wenn Anhaltspunkte daf\u00fcr bestehen, dass das Gewinnspiel durch Dritte manipuliert wird oder wenn die Durchf\u00fchrung durch unvorhergesehene technische oder andere tats\u00e4chliche Umst\u00e4nde unzumutbar erschwert oder unm\u00f6glich gemacht wird. Ein Gewinnanspruch besteht in diesem Fall nicht.<\/p>\n","protected":false},"excerpt":{"rendered":"<p>Allgemeine Teilnahmebedingungen 1. Allgemeines, Teilnahmevoraussetzungen 1.1 Dieses Gewinnspiel wird von Grenzmarkt Zur Krone Wolfgang Neumann GmbH Ochsenweg 85 24955 Harrislee (\u201eUnternehmer\u201c) unter https:\/\/www.facebook.com\/profile.php?id=100063722883299 durchgef\u00fchrt. 1.2 Die Teilnahme an dem Gewinnspiel ist kostenlos und unabh\u00e4ngig von dem Erwerb von Waren oder Dienstleistungen. Dieses Gewinnspiel ist in keiner Weise von oder in&#8230;<\/p>\n","protected":false},"author":1,"featured_media":0,"parent":0,"menu_order":0,"comment_status":"closed","ping_status":"closed","template":"","meta":[],"_links":{"self":[{"href":"https:\/\/graensehandel-zurkrone.de\/de\/wp-json\/wp\/v2\/pages\/2268"}],"collection":[{"href":"https:\/\/graensehandel-zurkrone.de\/de\/wp-json\/wp\/v2\/pages"}],"about":[{"href":"https:\/\/graensehandel-zurkrone.de\/de\/wp-json\/wp\/v2\/types\/page"}],"author":[{"embeddable":true,"href":"https:\/\/graensehandel-zurkrone.de\/de\/wp-json\/wp\/v2\/users\/1"}],"replies":[{"embeddable":true,"href":"https:\/\/graensehandel-zurkrone.de\/de\/wp-json\/wp\/v2\/comments?post=2268"}],"version-history":[{"count":4,"href":"https:\/\/graensehandel-zurkrone.de\/de\/wp-json\/wp\/v2\/pages\/2268\/revisions"}],"predecessor-version":[{"id":2296,"href":"https:\/\/graensehandel-zurkrone.de\/de\/wp-json\/wp\/v2\/pages\/2268\/revisions\/2296"}],"wp:attachment":[{"href":"https:\/\/graensehandel-zurkrone.de\/de\/wp-json\/wp\/v2\/media?parent=2268"}],"curies":[{"name":"wp","href":"https:\/\/api.w.org\/{rel}","templated":true}]}}