{"id":8,"date":"2016-10-18T16:52:27","date_gmt":"2016-10-18T14:52:27","guid":{"rendered":"http:\/\/graensehandel-zurkrone.de\/de\/unser-markt\/"},"modified":"2022-11-29T15:43:51","modified_gmt":"2022-11-29T14:43:51","slug":"unser-markt","status":"publish","type":"page","link":"https:\/\/graensehandel-zurkrone.de\/de\/unser-markt\/","title":{"rendered":"Unser Markt"},"content":{"rendered":"<h2><strong>&gt;&gt; ZUR KRONE &lt;&lt;<\/strong><br \/>\nD\u00c4NISCH EINKAUFEN<\/h2>\n<p>Sie m\u00fcssen nicht bis nach D\u00e4nemark fahren, um die vielen skandinavischen Spezialit\u00e4ten einkaufen zu k\u00f6nnen. Bei uns im Einkaufsmarkt \u00bbZur Krone\u00ab finden Sie eine umfangreiche Auswahl an Leckereien oder Danish Design, f\u00fcr die das Land mit der rot-wei\u00dfen Flagge besonders bekannt ist. Als wahrscheinlich erster Einkaufsmarkt finden Sie uns nur 400 m von der deutsch-d\u00e4nischen Grenze entfernt. Entdecken Sie neben vielen internationalen Spezialit\u00e4ten weitere interessante und vor allem g\u00fcnstige Artikel \u2013 von A bis \u00bbKrone\u00ab.<\/p>\n<p><strong>Unsere aktuellen Angebote finden Sie ganz im bequemen PDF-Format <a href=\"\/de\/angebotsblatt\/\">hier<\/a>.<\/strong><\/p>\n<p>Parken Sie kostenfrei auf unseren zahlreichen Parkpl\u00e4tzen, die sich direkt hinter unserem Markt befinden. Wie Sie \u00bbZur Krone\u00ab finden, k\u00f6nnen Sie kinderleicht auf unserer Karte hier sehen.<\/p>\n<p>Erleben Sie einen k\u00f6niglichen Einkauf \u2013 wir hei\u00dfen Sie willkommen!<\/p>\n<div class=\"su-divider su-divider-style-default\" style=\"margin:25px 0;border-width:1px;border-color:#f59c00\"><\/div>\n<div class=\"su-row\">\n<div class=\"su-column su-column-size-1-3\"><div class=\"su-column-inner su-u-clearfix su-u-trim\">\n<h2><strong>Unsere \u00d6ffnungszeiten<\/strong><br \/>\nStets zu Ihren Diensten<\/h2>\n<p>Damit Sie nicht vor verschlossenen T\u00fcren stehen, haben wir an 7 Tagen die Woche f\u00fcr Sie ge\u00f6ffnet. Freuen Sie sich daher auf super Angebote, freundliche Mitarbeiter und vor allem kundenfreundliche \u00d6ffnungszeiten!<\/p>\n<p><strong>Unsere \u00d6ffnungszeiten:<br \/>\nMontags bis Samstags: <\/strong>8.00 \u2013 20.00 Uhr<br \/>\n<strong>Sonn- und Feiertags: <\/strong>11.00 \u2013 18.00 Uhr<br \/>\n<strong>24.12.:<\/strong> 7.00 &#8211; 14.00 Uhr<br \/>\n<strong>25. + 26.12.: <\/strong>geschlossen<br \/>\n<strong>31.12.: <\/strong>7.00 &#8211; 15.00 Uhr<br \/>\n<strong>01.01.23:\u00a0<\/strong>geschlossen<\/p>\n<\/div><\/div>\n<div class=\"su-column su-column-size-1-3\"><div class=\"su-column-inner su-u-clearfix su-u-trim\">\n<h2><strong>Unser Sortiment<\/strong><br \/>\nInternational &amp; Vielf\u00e4ltig<\/h2>\n<p>Als Einkaufsmarkt \u201eZur Krone\u201c bieten wir Ihnen all das, was Sie von einem wohl sortierten Einkaufsmarkt erwarten. Von verschiedenen Lebensmitteln wie Nudeln &amp; Marmelade \u00fcber Kosmetik von unter anderem Nivea und Colgate bis hin zu Dekoration f\u00fcr Ihr Heim und vieles mehr. Nat\u00fcrlich geh\u00f6ren Weine, Lik\u00f6re und Spirituosen aus aller Welt, L\u00e4ndern und Regionen zu unserem Sortiment.<\/p>\n<p>Wer besonders gerne d\u00e4nisch einkauft, der findet bei uns eine gro\u00dfe Auswahl an d\u00e4nischen Produkten. Vom Hotdog-Br\u00f6tchen bis hin zur \u201eLakritz-sn\u00f8rre\u201c \u2013 entdecken Sie die skandinavische Kronen-Welt.<br \/>\n<\/div><\/div>\n<div class=\"su-column su-column-size-1-3\"><div class=\"su-column-inner su-u-clearfix su-u-trim\">\n<h2><strong>Unser Team<\/strong><br \/>\nEngagiert &amp; Hilfsbereit<\/h2>\n<p>Unser engagiertes Team hilft Ihnen gern, denn Service geh\u00f6rt f\u00fcr uns einfach dazu! Ob Sie auf der Suche nach dem passenden Wein sind oder die beliebten Himbeer-Bonbons aus Kindheitstagen auf Ihrem Einkaufszettel haben \u2013 fragen Sie uns. Wir helfen Ihnen gerne und schnell!<\/p>\n<p>Unser Team freut sich auf Ihren Besuch!<br \/>\n<\/div><\/div>\n<\/div>\n","protected":false},"excerpt":{"rendered":"<p>&gt;&gt; ZUR KRONE &lt;&lt; D\u00c4NISCH EINKAUFEN Sie m\u00fcssen nicht bis nach D\u00e4nemark fahren, um die vielen skandinavischen Spezialit\u00e4ten einkaufen zu k\u00f6nnen. Bei uns im Einkaufsmarkt \u00bbZur Krone\u00ab finden Sie eine umfangreiche Auswahl an Leckereien oder Danish Design, f\u00fcr die das Land mit der rot-wei\u00dfen Flagge besonders bekannt ist. Als wahrscheinlich&#8230;<\/p>\n","protected":false},"author":1,"featured_media":0,"parent":0,"menu_order":3,"comment_status":"closed","ping_status":"closed","template":"template-fullwidth.php","meta":[],"_links":{"self":[{"href":"https:\/\/graensehandel-zurkrone.de\/de\/wp-json\/wp\/v2\/pages\/8"}],"collection":[{"href":"https:\/\/graensehandel-zurkrone.de\/de\/wp-json\/wp\/v2\/pages"}],"about":[{"href":"https:\/\/graensehandel-zurkrone.de\/de\/wp-json\/wp\/v2\/types\/page"}],"author":[{"embeddable":true,"href":"https:\/\/graensehandel-zurkrone.de\/de\/wp-json\/wp\/v2\/users\/1"}],"replies":[{"embeddable":true,"href":"https:\/\/graensehandel-zurkrone.de\/de\/wp-json\/wp\/v2\/comments?post=8"}],"version-history":[{"count":37,"href":"https:\/\/graensehandel-zurkrone.de\/de\/wp-json\/wp\/v2\/pages\/8\/revisions"}],"predecessor-version":[{"id":2155,"href":"https:\/\/graensehandel-zurkrone.de\/de\/wp-json\/wp\/v2\/pages\/8\/revisions\/2155"}],"wp:attachment":[{"href":"https:\/\/graensehandel-zurkrone.de\/de\/wp-json\/wp\/v2\/media?parent=8"}],"curies":[{"name":"wp","href":"https:\/\/api.w.org\/{rel}","templated":true}]}}