{"id":9,"date":"2016-10-18T16:52:27","date_gmt":"2016-10-18T14:52:27","guid":{"rendered":"http:\/\/graensehandel-zurkrone.de\/de\/service\/"},"modified":"2016-10-25T15:56:04","modified_gmt":"2016-10-25T13:56:04","slug":"service","status":"publish","type":"page","link":"https:\/\/graensehandel-zurkrone.de\/de\/service\/","title":{"rendered":"Service"},"content":{"rendered":"<div class=\"su-row\">\n<div class=\"su-column su-column-size-2-3\"><div class=\"su-column-inner su-u-clearfix su-u-trim\">\n<h2><strong>Service<\/strong><br \/>\nBei uns sind Sie in guten H\u00e4nden!<\/h2>\n<p>Service schreiben wir bei uns im Einkaufsmarkt \u00bbZur Krone\u00ab ganz gro\u00df. Wir helfen Ihnen gerne an allen 7 Tagen der Woche, wenn Sie z.B. einen passenden Wein f\u00fcr einen besonderen Anlass suchen oder ein aktuelles Angebot bei uns im Markt nicht gleich finden. Gerne helfen wir Ihnen weiter.<\/p>\n<p>Service bedeutet aber auch kostenlose Parkpl\u00e4tze direkt vor Ort und wichtige Informationen online auf unserer Homepage.<\/p>\n<p>Haben Sie bereits Ihre Exporterkl\u00e4rung ausgedruckt? M\u00f6chten Sie Zeit sparen und Ihre Ware schon im Voraus bestellen oder sind Sie sich nicht mehr sicher, wie Sie zu uns finden? Dann werfen Sie einen Blick auf unsere Service-Seiten.<\/p>\n<p>Unser Service f\u00fcr Sie \u2013 vielseitig und doch \u00fcbersichtlich!<br \/>\n<\/div><\/div>\n<div class=\"su-column su-column-size-1-3\"><div class=\"su-column-inner su-u-clearfix su-u-trim\">\n<h2><strong>Bezahlung<\/strong><br \/>\nVon Euro bis Krone<\/h2>\n<p>Bei uns k\u00f6nnen Sie mit nahezu allen W\u00e4hrungen zahlen. Zahlen Sie mit Euro oder mit d\u00e4nischen, norwegischen und schwedischen Kronen. <\/p>\n<p>Unser aktueller Umrechnungskurs:<\/p>\n<p><strong>100 d\u00e4nische Kronen = 13,35 Euro<\/strong><\/p>\n<p>Au\u00dferdem k\u00f6nnen Sie mit EC-Karte, Dankort, VISA oder MasterCard bezahlen.<br \/>\n<\/div><\/div>\n<\/div>\n<div class=\"su-divider su-divider-style-default\" style=\"margin:25px 0;border-width:1px;border-color:#f59c00\"><\/div>\n<div class=\"su-row\">\n<div class=\"su-column su-column-size-1-3\"><div class=\"su-column-inner su-u-clearfix su-u-trim\">\n<h2><strong>Exporterkl\u00e4rungen<\/strong><br \/>\nPfand sparen<\/h2>\n<p>Skandinavische B\u00fcrger und Bewohner k\u00f6nnen Bier, Softdrinks und andere Getr\u00e4nke in Dosen pfandfrei kaufen. Dazu ben\u00f6tigen Sie eine ausgef\u00fcllte und unterschriebene Exporterkl\u00e4rung, die Sie im Einkaufsmarkt zusammen mit Ihrem Reisepass oder F\u00fchrerschein vorzeigen m\u00fcssen.<\/p>\n<p>Unsere Exporterkl\u00e4rung k\u00f6nnen Sie bequem bei uns downloaden. Einfach ausf\u00fcllen, auf das Feld \u201eExporterkl\u00e4rung erstellen\u201c klicken und die fertige PDF-Datei auf Ihrem Drucker ausdrucken. Nat\u00fcrlich stehen Ihnen auch im Einkaufsmarkt Formulare f\u00fcr den Export bereit.<\/p>\n<p><strong><a href=\"http:\/\/graensehandel-zurkrone.de\/de\/wp-content\/uploads\/sites\/2\/2016\/10\/2009_10_Exporterklaerung.pdf\" target=\"_blank\"> >> Download Exporterkl\u00e4rung<\/a> <\/strong><\/p>\n<p>Denken Sie daran, Ihren g\u00fcltigen skandinavischen Pass oder F\u00fchrerschein mitzubringen, um ihn auf Anfrage vorzeigen zu k\u00f6nnen!<br \/>\n<\/div><\/div>\n<div class=\"su-column su-column-size-1-3\"><div class=\"su-column-inner su-u-clearfix su-u-trim\">\n<h2><strong>Auf Bestellung<\/strong><br \/>\nEinkaufen leicht gemacht<\/h2>\n<p>Um Ihren Einkauf bei uns noch einfacher und schneller zu gestalten, haben wir einen ganz besonderen Service f\u00fcr Sie eingerichtet. Sie k\u00f6nnen \u00fcber unsere Homepage eine Vorausbestellung mit erwarteter Abholzeit abgeben und schon stellen wir Ihnen Ihren Einkauf zusammen. Ihren Einkauf m\u00fcssen Sie nur noch bei uns im Markt bezahlen und in Ihr Auto packen \u2013 so wird der Einkauf f\u00fcr Sie zum Kinderspiel.<\/p>\n<p><strong><a href=\"\/de\/vorausbestellung\"> >> Zum Bestellformular<\/a><\/strong><\/p>\n<p>Damit Ihre Waren zur Wunschzeit auch f\u00fcr Sie bereit sind, muss die Bestellung mindestens 2 Tage vor Abholung abgegeben werden. Bestellungen, die am Freitag nach 13:00 Uhr bei uns eingehen, werden erst am folgenden Werktag ab 09:00 Uhr bearbeitet.<br \/>\n<\/div><\/div>\n<div class=\"su-column su-column-size-1-3\"><div class=\"su-column-inner su-u-clearfix su-u-trim\">\n<h2><strong>Zollbestimmungen<\/strong><br \/>\nInternationale Spielregeln!<\/h2>\n<p>Damit Sie keine unliebsame \u00dcberraschung an der Grenze erleben, haben wir hier f\u00fcr Sie eine \u00dcbersicht der allgemeinen Zollbestimmungen erfasst. Sind Ihre Eink\u00e4ufe f\u00fcr den Eigenbedarf bestimmt, k\u00f6nnen Sie die Waren abgabenfrei nach Skandinavien mitnehmen (alle Angaben sind ohne Gew\u00e4hr).<\/p>\n<p>Klicken Sie auf das Land in das Sie einreisen wollen um die jeweiligen Zollbestimmungen zu sehen:<\/p>\n<div class=\"su-accordion su-u-trim\">\n<div class=\"su-spoiler su-spoiler-style-default su-spoiler-icon-plus su-spoiler-closed\" data-scroll-offset=\"0\" data-anchor-in-url=\"no\"><div class=\"su-spoiler-title\" tabindex=\"0\" role=\"button\"><span class=\"su-spoiler-icon\"><\/span>D\u00e4nemark<\/div><div class=\"su-spoiler-content su-u-clearfix su-u-trim\">\n<strong>Wenn Sie nach D\u00e4nemark einreisen, d\u00fcrfen Sie folgende Waren f\u00fcr den Eigenbedarf oder in den angegebenen Mengen mit einf\u00fchren:<\/strong><\/p>\n<p>    Zigaretten 800 St. oder<br \/>\n    Zigarillos 400 St. oder<br \/>\n    Zigarren 200 St. oder<br \/>\n    Tabak 1 Kilo<\/p>\n<p>Nur Personen \u00fcber 18 Jahre d\u00fcrfen Tabak einf\u00fchren.<\/p>\n<p>    Spirituosen (mehr als 22 % und spiritushaltige Getr\u00e4nke) 10 Liter<br \/>\n    Zwischenerzeugnisse (unter 22 %, z. B. Lik\u00f6rwein, Wermutwein) 20 Liter <\/p>\n<p>    Wein (davon h\u00f6chstens 60 Liter Schaumwein) 90 Liter<br \/>\n    Bier 110 Liter<\/p>\n<p>Nur Personen \u00fcber 16 Jahre d\u00fcrfen Alkohol einf\u00fchren.<\/p>\n<p>Es kann vorkommen, dass ein d\u00e4nischer Z\u00f6llner Sie anh\u00e4lt und Sie nach Ihrem Reiseziel und dem Grund der Einfuhrmenge fragt. Es ist dann an Ihnen, dem Zoll den Eigenbedarf glaubhaft zu machen.<\/div><\/div>\n<div class=\"su-spoiler su-spoiler-style-default su-spoiler-icon-plus su-spoiler-closed\" data-scroll-offset=\"0\" data-anchor-in-url=\"no\"><div class=\"su-spoiler-title\" tabindex=\"0\" role=\"button\"><span class=\"su-spoiler-icon\"><\/span>Schweden<\/div><div class=\"su-spoiler-content su-u-clearfix su-u-trim\">\n<strong>Wenn Sie nach Schweden einreisen, d\u00fcrfen Sie folgende Waren f\u00fcr den Eigenbedarf oder in den angegebenen Mengen mit einf\u00fchren:<\/strong><\/p>\n<p>    Zigaretten 400 St. oder<br \/>\n    Zigarillos 200 St. oder<br \/>\n    Zigarren 100 St. oder<br \/>\n    Tabak 550 Gramm<\/p>\n<p>Nur Personen \u00fcber 18 Jahre d\u00fcrfen Tabak einf\u00fchren.<\/p>\n<p>    Spirituosen (mehr als 22 % Alkohol) 5 Liter oder<br \/>\n    Zwischenerzeugnisse (unter 22 %, z. B. Lik\u00f6rwein, Wermutwein) 6 Liter und<br \/>\n    Wein 52 Liter<br \/>\n    Bier 64 Liter<\/p>\n<p>Nur Personen \u00fcber 20 Jahre d\u00fcrfen Alkohol einf\u00fchren.<br \/>\n<\/div><\/div>\n<div class=\"su-spoiler su-spoiler-style-default su-spoiler-icon-plus su-spoiler-closed\" data-scroll-offset=\"0\" data-anchor-in-url=\"no\"><div class=\"su-spoiler-title\" tabindex=\"0\" role=\"button\"><span class=\"su-spoiler-icon\"><\/span>Norwegen<\/div><div class=\"su-spoiler-content su-u-clearfix su-u-trim\">\n<strong>Wenn Sie nach Norwegen einreisen, d\u00fcrfen Sie folgende Waren f\u00fcr den Eigenbedarf oder in den angegebenen Mengen mit einf\u00fchren:<\/strong><\/p>\n<p>    Zigaretten 200 St. oder<br \/>\n    andere Tabakwaren 250 Gramm<\/p>\n<p>Nur Personen \u00fcber 18 Jahre d\u00fcrfen Tabak einf\u00fchren.<\/p>\n<p>    1 Liter Getr\u00e4nke mit mehr als 22 % und bis zu 60 % Alkohol und<br \/>\n    1,5 Liter Zwischenerzeugnisse (mehr als 2,5 % und unter 22 % Alkohol)<\/p>\n<p>oder<\/p>\n<p>    3 Liter Getr\u00e4nke mit mehr als 2,5 % und bis zu 22 % Alkohol und<br \/>\n    2 Liter Bier mit mehr als 2,5 % Alkohol oder jeglichen anderen Getr\u00e4nke mit einem Alkoholinhalt von mehr als 2,5 % bis zu 4,7 % Alkohol.<\/p>\n<p>Getr\u00e4nke mit mehr als 60 % Alkohol sind nicht erlaubt.<\/p>\n<p>Nur Personen \u00fcber 18 Jahre d\u00fcrfen Alkohol einf\u00fchren.<br \/>\n<\/div><\/div><\/div>\n<\/div><\/div>\n<\/div>\n","protected":false},"excerpt":{"rendered":"","protected":false},"author":1,"featured_media":0,"parent":0,"menu_order":4,"comment_status":"closed","ping_status":"closed","template":"template-fullwidth.php","meta":[],"_links":{"self":[{"href":"https:\/\/graensehandel-zurkrone.de\/de\/wp-json\/wp\/v2\/pages\/9"}],"collection":[{"href":"https:\/\/graensehandel-zurkrone.de\/de\/wp-json\/wp\/v2\/pages"}],"about":[{"href":"https:\/\/graensehandel-zurkrone.de\/de\/wp-json\/wp\/v2\/types\/page"}],"author":[{"embeddable":true,"href":"https:\/\/graensehandel-zurkrone.de\/de\/wp-json\/wp\/v2\/users\/1"}],"replies":[{"embeddable":true,"href":"https:\/\/graensehandel-zurkrone.de\/de\/wp-json\/wp\/v2\/comments?post=9"}],"version-history":[{"count":18,"href":"https:\/\/graensehandel-zurkrone.de\/de\/wp-json\/wp\/v2\/pages\/9\/revisions"}],"predecessor-version":[{"id":244,"href":"https:\/\/graensehandel-zurkrone.de\/de\/wp-json\/wp\/v2\/pages\/9\/revisions\/244"}],"wp:attachment":[{"href":"https:\/\/graensehandel-zurkrone.de\/de\/wp-json\/wp\/v2\/media?parent=9"}],"curies":[{"name":"wp","href":"https:\/\/api.w.org\/{rel}","templated":true}]}}